{"id":251,"date":"2024-02-19T05:48:44","date_gmt":"2024-02-19T05:48:44","guid":{"rendered":"https:\/\/leadin-it.com\/?page_id=251"},"modified":"2024-07-08T12:53:59","modified_gmt":"2024-07-08T18:53:59","slug":"home-v2","status":"publish","type":"page","link":"https:\/\/leadin-it.com\/index.php\/home-v2\/","title":{"rendered":"Home"},"content":{"rendered":"\t\t<div data-elementor-type=\"wp-page\" data-elementor-id=\"251\" class=\"elementor elementor-251\" data-elementor-post-type=\"page\">\n\t\t\t\t\t\t<section class=\"elementor-section elementor-top-section elementor-element elementor-element-d1f5eb elementor-section-content-middle elementor-reverse-mobile elementor-section-boxed elementor-section-height-default elementor-section-height-default\" data-id=\"d1f5eb\" data-element_type=\"section\" data-e-type=\"section\" data-settings=\"{&quot;background_background&quot;:&quot;slideshow&quot;,&quot;background_slideshow_gallery&quot;:[{&quot;id&quot;:481,&quot;url&quot;:&quot;https:\\\/\\\/leadin-it.com\\\/wp-content\\\/uploads\\\/2024\\\/04\\\/Carrousel-Home1-2.png&quot;},{&quot;id&quot;:482,&quot;url&quot;:&quot;https:\\\/\\\/leadin-it.com\\\/wp-content\\\/uploads\\\/2024\\\/04\\\/Carrousel-Home2-1.png&quot;},{&quot;id&quot;:483,&quot;url&quot;:&quot;https:\\\/\\\/leadin-it.com\\\/wp-content\\\/uploads\\\/2024\\\/04\\\/Carrousel-Home3-1.png&quot;}],&quot;background_slideshow_slide_transition&quot;:&quot;slide_left&quot;,&quot;background_slideshow_loop&quot;:&quot;yes&quot;,&quot;background_slideshow_slide_duration&quot;:5000,&quot;background_slideshow_transition_duration&quot;:500}\">\n\t\t\t\t\t\t<div class=\"elementor-container elementor-column-gap-wider\">\n\t\t\t\t\t<div class=\"elementor-column elementor-col-50 elementor-top-column elementor-element elementor-element-416274aa\" data-id=\"416274aa\" data-element_type=\"column\" data-e-type=\"column\">\n\t\t\t<div class=\"elementor-widget-wrap elementor-element-populated\">\n\t\t\t\t\t\t<div class=\"elementor-element elementor-element-1bd44c3e elementor-absolute elementor-widget__width-initial elementor-widget-mobile__width-initial elementor-widget elementor-widget-heading\" data-id=\"1bd44c3e\" data-element_type=\"widget\" data-e-type=\"widget\" data-settings=\"{&quot;_position&quot;:&quot;absolute&quot;}\" data-widget_type=\"heading.default\">\n\t\t\t\t<div class=\"elementor-widget-container\">\n\t\t\t\t\t<h3 class=\"elementor-heading-title elementor-size-default\">SHARE OF LIFE<\/h3>\t\t\t\t<\/div>\n\t\t\t\t<\/div>\n\t\t\t\t<div class=\"elementor-element elementor-element-6a1f3a0a elementor-absolute elementor-widget__width-initial elementor-widget-tablet__width-initial elementor-widget elementor-widget-text-editor\" data-id=\"6a1f3a0a\" data-element_type=\"widget\" data-e-type=\"widget\" data-settings=\"{&quot;_position&quot;:&quot;absolute&quot;}\" data-widget_type=\"text-editor.default\">\n\t\t\t\t<div class=\"elementor-widget-container\">\n\t\t\t\t\t\t\t\t\t<h5 style=\"text-align: center;\"><span style=\"color: #ffffff;\"><strong>Nuestro objetivo es integrarnos a <\/strong><\/span><br \/><span style=\"color: #ffffff;\"><strong>la vida cotidiana de los consumidores.<\/strong><\/span><\/h5><p style=\"text-align: center;\"><span style=\"color: #ffffff;\"><strong>Las tiendas transcienden de la simple transaccionalidad a ofrecer<\/strong><\/span><br \/><span style=\"color: #ffffff;\"><strong>una experiencia 360 con objetivo de lograr<br \/>la inclusi\u00f3n en <\/strong><strong>comunidades de usuarios<br \/>con intereses afines.<\/strong><\/span><\/p><p style=\"text-align: center;\"><span style=\"color: #ffffff;\"><strong>Est\u00e1 tendencia crear\u00e1 conexiones duraderas y significativas que <\/strong><strong>van m\u00e1s all\u00e1 de<br \/>la compra transaccional y el precio.<\/strong><\/span><\/p>\t\t\t\t\t\t\t\t<\/div>\n\t\t\t\t<\/div>\n\t\t\t\t\t<\/div>\n\t\t<\/div>\n\t\t\t\t<div class=\"elementor-column elementor-col-50 elementor-top-column elementor-element elementor-element-6aeb0dfd\" data-id=\"6aeb0dfd\" data-element_type=\"column\" data-e-type=\"column\">\n\t\t\t<div class=\"elementor-widget-wrap elementor-element-populated\">\n\t\t\t\t\t\t<div class=\"elementor-element elementor-element-7e35a347 elementor-widget__width-initial elementor-widget elementor-widget-image\" data-id=\"7e35a347\" data-element_type=\"widget\" data-e-type=\"widget\" data-widget_type=\"image.default\">\n\t\t\t\t<div class=\"elementor-widget-container\">\n\t\t\t\t\t\t\t\t\t\t\t\t\t\t\t<img decoding=\"async\" src=\"https:\/\/leadin-it.com\/wp-content\/uploads\/elementor\/thumbs\/FAMILYKIOSK-qlr2j8td9tex0do1wdbvt2oj0pihzhronoqeu8txxs.png\" title=\"FAMILYKIOSK\" alt=\"FAMILYKIOSK\" class=\"elementor-animation-grow\" loading=\"lazy\" \/>\t\t\t\t\t\t\t\t\t\t\t\t\t\t\t<\/div>\n\t\t\t\t<\/div>\n\t\t\t\t\t<\/div>\n\t\t<\/div>\n\t\t\t\t\t<\/div>\n\t\t<\/section>\n\t\t\t\t<section class=\"elementor-section elementor-top-section elementor-element elementor-element-45229907 elementor-section-content-middle elementor-section-boxed elementor-section-height-default elementor-section-height-default\" data-id=\"45229907\" data-element_type=\"section\" data-e-type=\"section\" data-settings=\"{&quot;background_background&quot;:&quot;classic&quot;}\">\n\t\t\t\t\t\t<div class=\"elementor-container elementor-column-gap-no\">\n\t\t\t\t\t<div class=\"elementor-column elementor-col-100 elementor-top-column elementor-element elementor-element-61b75ae1\" data-id=\"61b75ae1\" data-element_type=\"column\" data-e-type=\"column\">\n\t\t\t<div class=\"elementor-widget-wrap elementor-element-populated\">\n\t\t\t\t\t\t<div class=\"elementor-element elementor-element-4d7072d4 elementor-widget elementor-widget-heading\" data-id=\"4d7072d4\" data-element_type=\"widget\" data-e-type=\"widget\" data-widget_type=\"heading.default\">\n\t\t\t\t<div class=\"elementor-widget-container\">\n\t\t\t\t\t<h4 class=\"elementor-heading-title elementor-size-default\">NUESTRO CONCEPTO<\/h4>\t\t\t\t<\/div>\n\t\t\t\t<\/div>\n\t\t\t\t<section class=\"elementor-section elementor-inner-section elementor-element elementor-element-ef23db7 elementor-section-content-middle elementor-section-boxed elementor-section-height-default elementor-section-height-default\" data-id=\"ef23db7\" data-element_type=\"section\" data-e-type=\"section\">\n\t\t\t\t\t\t<div class=\"elementor-container elementor-column-gap-no\">\n\t\t\t\t\t<div class=\"elementor-column elementor-col-50 elementor-inner-column elementor-element elementor-element-51fc0b74\" data-id=\"51fc0b74\" data-element_type=\"column\" data-e-type=\"column\">\n\t\t\t<div class=\"elementor-widget-wrap elementor-element-populated\">\n\t\t\t\t\t\t<div class=\"elementor-element elementor-element-5963787d elementor-position-top elementor-widget elementor-widget-image-box\" data-id=\"5963787d\" data-element_type=\"widget\" data-e-type=\"widget\" data-widget_type=\"image-box.default\">\n\t\t\t\t<div class=\"elementor-widget-container\">\n\t\t\t\t\t<div class=\"elementor-image-box-wrapper\"><figure class=\"elementor-image-box-img\"><a href=\"https:\/\/leadin-it.com\/index.php\/hybrid-experience\/\" tabindex=\"-1\"><img fetchpriority=\"high\" decoding=\"async\" width=\"212\" height=\"300\" src=\"https:\/\/leadin-it.com\/wp-content\/uploads\/2024\/06\/HOME4-212x300.png\" class=\"attachment-medium size-medium wp-image-545\" alt=\"\" srcset=\"https:\/\/leadin-it.com\/wp-content\/uploads\/2024\/06\/HOME4-212x300.png 212w, https:\/\/leadin-it.com\/wp-content\/uploads\/2024\/06\/HOME4.png 544w\" sizes=\"(max-width: 212px) 100vw, 212px\" \/><\/a><\/figure><div class=\"elementor-image-box-content\"><h3 class=\"elementor-image-box-title\"><a href=\"https:\/\/leadin-it.com\/index.php\/hybrid-experience\/\">Hybrid Ecommerce Experience<\/a><\/h3><\/div><\/div>\t\t\t\t<\/div>\n\t\t\t\t<\/div>\n\t\t\t\t\t<\/div>\n\t\t<\/div>\n\t\t\t\t<div class=\"elementor-column elementor-col-50 elementor-inner-column elementor-element elementor-element-29c53d2f\" data-id=\"29c53d2f\" data-element_type=\"column\" data-e-type=\"column\">\n\t\t\t<div class=\"elementor-widget-wrap elementor-element-populated\">\n\t\t\t\t\t\t<div class=\"elementor-element elementor-element-4b84953 elementor-position-top elementor-widget elementor-widget-image-box\" data-id=\"4b84953\" data-element_type=\"widget\" data-e-type=\"widget\" data-widget_type=\"image-box.default\">\n\t\t\t\t<div class=\"elementor-widget-container\">\n\t\t\t\t\t<div class=\"elementor-image-box-wrapper\"><figure class=\"elementor-image-box-img\"><img decoding=\"async\" width=\"212\" height=\"300\" src=\"https:\/\/leadin-it.com\/wp-content\/uploads\/2024\/04\/HOME3-1-212x300.png\" class=\"attachment-medium size-medium wp-image-504\" alt=\"\" srcset=\"https:\/\/leadin-it.com\/wp-content\/uploads\/2024\/04\/HOME3-1-212x300.png 212w, https:\/\/leadin-it.com\/wp-content\/uploads\/2024\/04\/HOME3-1.png 544w\" sizes=\"(max-width: 212px) 100vw, 212px\" \/><\/figure><div class=\"elementor-image-box-content\"><h3 class=\"elementor-image-box-title\">POS &amp; Mobile POS<\/h3><\/div><\/div>\t\t\t\t<\/div>\n\t\t\t\t<\/div>\n\t\t\t\t\t<\/div>\n\t\t<\/div>\n\t\t\t\t\t<\/div>\n\t\t<\/section>\n\t\t\t\t<section class=\"elementor-section elementor-inner-section elementor-element elementor-element-13ca4d30 elementor-section-content-middle elementor-section-boxed elementor-section-height-default elementor-section-height-default\" data-id=\"13ca4d30\" data-element_type=\"section\" data-e-type=\"section\">\n\t\t\t\t\t\t<div class=\"elementor-container elementor-column-gap-no\">\n\t\t\t\t\t<div class=\"elementor-column elementor-col-50 elementor-inner-column elementor-element elementor-element-6e9312d7\" data-id=\"6e9312d7\" data-element_type=\"column\" data-e-type=\"column\">\n\t\t\t<div class=\"elementor-widget-wrap elementor-element-populated\">\n\t\t\t\t\t\t<div class=\"elementor-element elementor-element-7e09191b elementor-position-top elementor-widget elementor-widget-image-box\" data-id=\"7e09191b\" data-element_type=\"widget\" data-e-type=\"widget\" data-widget_type=\"image-box.default\">\n\t\t\t\t<div class=\"elementor-widget-container\">\n\t\t\t\t\t<div class=\"elementor-image-box-wrapper\"><figure class=\"elementor-image-box-img\"><a href=\"https:\/\/leadin-it.com\/index.php\/qsr-experience\/\" tabindex=\"-1\"><img decoding=\"async\" width=\"212\" height=\"300\" src=\"https:\/\/leadin-it.com\/wp-content\/uploads\/2024\/04\/HOME2-1-212x300.png\" class=\"attachment-medium size-medium wp-image-505\" alt=\"\" srcset=\"https:\/\/leadin-it.com\/wp-content\/uploads\/2024\/04\/HOME2-1-212x300.png 212w, https:\/\/leadin-it.com\/wp-content\/uploads\/2024\/04\/HOME2-1.png 544w\" sizes=\"(max-width: 212px) 100vw, 212px\" \/><\/a><\/figure><div class=\"elementor-image-box-content\"><h3 class=\"elementor-image-box-title\"><a href=\"https:\/\/leadin-it.com\/index.php\/qsr-experience\/\">Phygital Hospitality<\/a><\/h3><\/div><\/div>\t\t\t\t<\/div>\n\t\t\t\t<\/div>\n\t\t\t\t\t<\/div>\n\t\t<\/div>\n\t\t\t\t<div class=\"elementor-column elementor-col-50 elementor-inner-column elementor-element elementor-element-3676d58\" data-id=\"3676d58\" data-element_type=\"column\" data-e-type=\"column\">\n\t\t\t<div class=\"elementor-widget-wrap elementor-element-populated\">\n\t\t\t\t\t\t<div class=\"elementor-element elementor-element-49d514a7 elementor-position-top elementor-widget elementor-widget-image-box\" data-id=\"49d514a7\" data-element_type=\"widget\" data-e-type=\"widget\" data-widget_type=\"image-box.default\">\n\t\t\t\t<div class=\"elementor-widget-container\">\n\t\t\t\t\t<div class=\"elementor-image-box-wrapper\"><figure class=\"elementor-image-box-img\"><img loading=\"lazy\" decoding=\"async\" width=\"212\" height=\"300\" src=\"https:\/\/leadin-it.com\/wp-content\/uploads\/2024\/04\/HOME1-212x300.png\" class=\"attachment-medium size-medium wp-image-498\" alt=\"\" srcset=\"https:\/\/leadin-it.com\/wp-content\/uploads\/2024\/04\/HOME1-212x300.png 212w, https:\/\/leadin-it.com\/wp-content\/uploads\/2024\/04\/HOME1.png 544w\" sizes=\"(max-width: 212px) 100vw, 212px\" \/><\/figure><div class=\"elementor-image-box-content\"><h3 class=\"elementor-image-box-title\">Service Kiosk<\/h3><\/div><\/div>\t\t\t\t<\/div>\n\t\t\t\t<\/div>\n\t\t\t\t\t<\/div>\n\t\t<\/div>\n\t\t\t\t\t<\/div>\n\t\t<\/section>\n\t\t\t\t\t<\/div>\n\t\t<\/div>\n\t\t\t\t\t<\/div>\n\t\t<\/section>\n\t\t\t\t<section class=\"elementor-section elementor-top-section elementor-element elementor-element-524b5c49 elementor-section-content-middle elementor-section-boxed elementor-section-height-default elementor-section-height-default\" data-id=\"524b5c49\" data-element_type=\"section\" data-e-type=\"section\" data-settings=\"{&quot;background_background&quot;:&quot;classic&quot;}\">\n\t\t\t\t\t\t<div class=\"elementor-container elementor-column-gap-no\">\n\t\t\t\t\t<div class=\"elementor-column elementor-col-100 elementor-top-column elementor-element elementor-element-29730c6f\" data-id=\"29730c6f\" data-element_type=\"column\" data-e-type=\"column\">\n\t\t\t<div class=\"elementor-widget-wrap elementor-element-populated\">\n\t\t\t\t\t\t<div class=\"elementor-element elementor-element-5973bd48 elementor-widget elementor-widget-heading\" data-id=\"5973bd48\" data-element_type=\"widget\" data-e-type=\"widget\" data-widget_type=\"heading.default\">\n\t\t\t\t<div class=\"elementor-widget-container\">\n\t\t\t\t\t<h4 class=\"elementor-heading-title elementor-size-default\">MARCAS SHARE OF LIFE<\/h4>\t\t\t\t<\/div>\n\t\t\t\t<\/div>\n\t\t\t\t<section class=\"elementor-section elementor-inner-section elementor-element elementor-element-1ac0e1c9 elementor-section-content-middle elementor-section-boxed elementor-section-height-default elementor-section-height-default\" data-id=\"1ac0e1c9\" data-element_type=\"section\" data-e-type=\"section\">\n\t\t\t\t\t\t<div class=\"elementor-container elementor-column-gap-no\">\n\t\t\t\t\t<div class=\"elementor-column elementor-col-25 elementor-inner-column elementor-element elementor-element-55c31567\" data-id=\"55c31567\" data-element_type=\"column\" data-e-type=\"column\" data-settings=\"{&quot;background_background&quot;:&quot;classic&quot;}\">\n\t\t\t<div class=\"elementor-widget-wrap elementor-element-populated\">\n\t\t\t\t\t\t<div class=\"elementor-element elementor-element-28af0d67 elementor-widget elementor-widget-image\" data-id=\"28af0d67\" data-element_type=\"widget\" data-e-type=\"widget\" data-widget_type=\"image.default\">\n\t\t\t\t<div class=\"elementor-widget-container\">\n\t\t\t\t\t\t\t\t\t\t\t\t\t\t\t<img loading=\"lazy\" decoding=\"async\" width=\"400\" height=\"400\" src=\"https:\/\/leadin-it.com\/wp-content\/uploads\/2024\/03\/logo8.png\" class=\"attachment-large size-large wp-image-419\" alt=\"\" srcset=\"https:\/\/leadin-it.com\/wp-content\/uploads\/2024\/03\/logo8.png 400w, https:\/\/leadin-it.com\/wp-content\/uploads\/2024\/03\/logo8-300x300.png 300w, https:\/\/leadin-it.com\/wp-content\/uploads\/2024\/03\/logo8-150x150.png 150w\" sizes=\"(max-width: 400px) 100vw, 400px\" \/>\t\t\t\t\t\t\t\t\t\t\t\t\t\t\t<\/div>\n\t\t\t\t<\/div>\n\t\t\t\t\t<\/div>\n\t\t<\/div>\n\t\t\t\t<div class=\"elementor-column elementor-col-25 elementor-inner-column elementor-element elementor-element-64ac2b64\" data-id=\"64ac2b64\" data-element_type=\"column\" data-e-type=\"column\">\n\t\t\t<div class=\"elementor-widget-wrap elementor-element-populated\">\n\t\t\t\t\t\t<div class=\"elementor-element elementor-element-2bc5b67c elementor-widget elementor-widget-image\" data-id=\"2bc5b67c\" data-element_type=\"widget\" data-e-type=\"widget\" data-widget_type=\"image.default\">\n\t\t\t\t<div class=\"elementor-widget-container\">\n\t\t\t\t\t\t\t\t\t\t\t\t\t\t\t<img loading=\"lazy\" decoding=\"async\" width=\"400\" height=\"400\" src=\"https:\/\/leadin-it.com\/wp-content\/uploads\/2024\/03\/logo7.png\" class=\"attachment-large size-large wp-image-418\" alt=\"\" srcset=\"https:\/\/leadin-it.com\/wp-content\/uploads\/2024\/03\/logo7.png 400w, https:\/\/leadin-it.com\/wp-content\/uploads\/2024\/03\/logo7-300x300.png 300w, https:\/\/leadin-it.com\/wp-content\/uploads\/2024\/03\/logo7-150x150.png 150w\" sizes=\"(max-width: 400px) 100vw, 400px\" \/>\t\t\t\t\t\t\t\t\t\t\t\t\t\t\t<\/div>\n\t\t\t\t<\/div>\n\t\t\t\t\t<\/div>\n\t\t<\/div>\n\t\t\t\t<div class=\"elementor-column elementor-col-25 elementor-inner-column elementor-element elementor-element-161a3ba8\" data-id=\"161a3ba8\" data-element_type=\"column\" data-e-type=\"column\" data-settings=\"{&quot;background_background&quot;:&quot;classic&quot;}\">\n\t\t\t<div class=\"elementor-widget-wrap elementor-element-populated\">\n\t\t\t\t\t\t<div class=\"elementor-element elementor-element-2aee3184 elementor-widget elementor-widget-image\" data-id=\"2aee3184\" data-element_type=\"widget\" data-e-type=\"widget\" data-widget_type=\"image.default\">\n\t\t\t\t<div class=\"elementor-widget-container\">\n\t\t\t\t\t\t\t\t\t\t\t\t\t\t\t<img loading=\"lazy\" decoding=\"async\" width=\"400\" height=\"400\" src=\"https:\/\/leadin-it.com\/wp-content\/uploads\/2024\/03\/logo6.png\" class=\"attachment-large size-large wp-image-417\" alt=\"\" srcset=\"https:\/\/leadin-it.com\/wp-content\/uploads\/2024\/03\/logo6.png 400w, https:\/\/leadin-it.com\/wp-content\/uploads\/2024\/03\/logo6-300x300.png 300w, https:\/\/leadin-it.com\/wp-content\/uploads\/2024\/03\/logo6-150x150.png 150w\" sizes=\"(max-width: 400px) 100vw, 400px\" \/>\t\t\t\t\t\t\t\t\t\t\t\t\t\t\t<\/div>\n\t\t\t\t<\/div>\n\t\t\t\t\t<\/div>\n\t\t<\/div>\n\t\t\t\t<div class=\"elementor-column elementor-col-25 elementor-inner-column elementor-element elementor-element-3e5cea5c\" data-id=\"3e5cea5c\" data-element_type=\"column\" data-e-type=\"column\">\n\t\t\t<div class=\"elementor-widget-wrap elementor-element-populated\">\n\t\t\t\t\t\t<div class=\"elementor-element elementor-element-17ff49ee elementor-widget elementor-widget-image\" data-id=\"17ff49ee\" data-element_type=\"widget\" data-e-type=\"widget\" data-widget_type=\"image.default\">\n\t\t\t\t<div class=\"elementor-widget-container\">\n\t\t\t\t\t\t\t\t\t\t\t\t\t\t\t<img loading=\"lazy\" decoding=\"async\" width=\"400\" height=\"400\" src=\"https:\/\/leadin-it.com\/wp-content\/uploads\/2024\/03\/logo5.png\" class=\"attachment-large size-large wp-image-416\" alt=\"\" srcset=\"https:\/\/leadin-it.com\/wp-content\/uploads\/2024\/03\/logo5.png 400w, https:\/\/leadin-it.com\/wp-content\/uploads\/2024\/03\/logo5-300x300.png 300w, https:\/\/leadin-it.com\/wp-content\/uploads\/2024\/03\/logo5-150x150.png 150w\" sizes=\"(max-width: 400px) 100vw, 400px\" \/>\t\t\t\t\t\t\t\t\t\t\t\t\t\t\t<\/div>\n\t\t\t\t<\/div>\n\t\t\t\t\t<\/div>\n\t\t<\/div>\n\t\t\t\t\t<\/div>\n\t\t<\/section>\n\t\t\t\t<section class=\"elementor-section elementor-inner-section elementor-element elementor-element-5025586f elementor-section-content-middle elementor-section-boxed elementor-section-height-default elementor-section-height-default\" data-id=\"5025586f\" data-element_type=\"section\" data-e-type=\"section\">\n\t\t\t\t\t\t<div class=\"elementor-container elementor-column-gap-no\">\n\t\t\t\t\t<div class=\"elementor-column elementor-col-25 elementor-inner-column elementor-element elementor-element-72599c2c\" data-id=\"72599c2c\" data-element_type=\"column\" data-e-type=\"column\">\n\t\t\t<div class=\"elementor-widget-wrap elementor-element-populated\">\n\t\t\t\t\t\t<div class=\"elementor-element elementor-element-3b0b0f5f elementor-widget elementor-widget-image\" data-id=\"3b0b0f5f\" data-element_type=\"widget\" data-e-type=\"widget\" data-widget_type=\"image.default\">\n\t\t\t\t<div class=\"elementor-widget-container\">\n\t\t\t\t\t\t\t\t\t\t\t\t\t\t\t<img loading=\"lazy\" decoding=\"async\" width=\"400\" height=\"400\" src=\"https:\/\/leadin-it.com\/wp-content\/uploads\/2024\/03\/logo1.png\" class=\"attachment-large size-large wp-image-412\" alt=\"\" srcset=\"https:\/\/leadin-it.com\/wp-content\/uploads\/2024\/03\/logo1.png 400w, https:\/\/leadin-it.com\/wp-content\/uploads\/2024\/03\/logo1-300x300.png 300w, https:\/\/leadin-it.com\/wp-content\/uploads\/2024\/03\/logo1-150x150.png 150w\" sizes=\"(max-width: 400px) 100vw, 400px\" \/>\t\t\t\t\t\t\t\t\t\t\t\t\t\t\t<\/div>\n\t\t\t\t<\/div>\n\t\t\t\t\t<\/div>\n\t\t<\/div>\n\t\t\t\t<div class=\"elementor-column elementor-col-25 elementor-inner-column elementor-element elementor-element-2a3a2909\" data-id=\"2a3a2909\" data-element_type=\"column\" data-e-type=\"column\">\n\t\t\t<div class=\"elementor-widget-wrap elementor-element-populated\">\n\t\t\t\t\t\t<div class=\"elementor-element elementor-element-57a8b6eb elementor-widget elementor-widget-image\" data-id=\"57a8b6eb\" data-element_type=\"widget\" data-e-type=\"widget\" data-widget_type=\"image.default\">\n\t\t\t\t<div class=\"elementor-widget-container\">\n\t\t\t\t\t\t\t\t\t\t\t\t\t\t\t<img loading=\"lazy\" decoding=\"async\" width=\"400\" height=\"400\" src=\"https:\/\/leadin-it.com\/wp-content\/uploads\/2024\/03\/logo3.png\" class=\"attachment-large size-large wp-image-414\" alt=\"\" srcset=\"https:\/\/leadin-it.com\/wp-content\/uploads\/2024\/03\/logo3.png 400w, https:\/\/leadin-it.com\/wp-content\/uploads\/2024\/03\/logo3-300x300.png 300w, https:\/\/leadin-it.com\/wp-content\/uploads\/2024\/03\/logo3-150x150.png 150w\" sizes=\"(max-width: 400px) 100vw, 400px\" \/>\t\t\t\t\t\t\t\t\t\t\t\t\t\t\t<\/div>\n\t\t\t\t<\/div>\n\t\t\t\t\t<\/div>\n\t\t<\/div>\n\t\t\t\t<div class=\"elementor-column elementor-col-25 elementor-inner-column elementor-element elementor-element-e005080\" data-id=\"e005080\" data-element_type=\"column\" data-e-type=\"column\" data-settings=\"{&quot;background_background&quot;:&quot;classic&quot;}\">\n\t\t\t<div class=\"elementor-widget-wrap elementor-element-populated\">\n\t\t\t\t\t\t<div class=\"elementor-element elementor-element-7bc9e5f6 elementor-widget elementor-widget-image\" data-id=\"7bc9e5f6\" data-element_type=\"widget\" data-e-type=\"widget\" data-widget_type=\"image.default\">\n\t\t\t\t<div class=\"elementor-widget-container\">\n\t\t\t\t\t\t\t\t\t\t\t\t\t\t\t<img loading=\"lazy\" decoding=\"async\" width=\"400\" height=\"400\" src=\"https:\/\/leadin-it.com\/wp-content\/uploads\/2024\/03\/logo9.png\" class=\"attachment-large size-large wp-image-420\" alt=\"\" srcset=\"https:\/\/leadin-it.com\/wp-content\/uploads\/2024\/03\/logo9.png 400w, https:\/\/leadin-it.com\/wp-content\/uploads\/2024\/03\/logo9-300x300.png 300w, https:\/\/leadin-it.com\/wp-content\/uploads\/2024\/03\/logo9-150x150.png 150w\" sizes=\"(max-width: 400px) 100vw, 400px\" \/>\t\t\t\t\t\t\t\t\t\t\t\t\t\t\t<\/div>\n\t\t\t\t<\/div>\n\t\t\t\t\t<\/div>\n\t\t<\/div>\n\t\t\t\t<div class=\"elementor-column elementor-col-25 elementor-inner-column elementor-element elementor-element-78ce51fb\" data-id=\"78ce51fb\" data-element_type=\"column\" data-e-type=\"column\" data-settings=\"{&quot;background_background&quot;:&quot;classic&quot;}\">\n\t\t\t<div class=\"elementor-widget-wrap elementor-element-populated\">\n\t\t\t\t\t\t<div class=\"elementor-element elementor-element-5b972b70 elementor-widget elementor-widget-image\" data-id=\"5b972b70\" data-element_type=\"widget\" data-e-type=\"widget\" data-widget_type=\"image.default\">\n\t\t\t\t<div class=\"elementor-widget-container\">\n\t\t\t\t\t\t\t\t\t\t\t\t\t\t\t<img loading=\"lazy\" decoding=\"async\" width=\"400\" height=\"400\" src=\"https:\/\/leadin-it.com\/wp-content\/uploads\/2024\/03\/logo2.png\" class=\"attachment-large size-large wp-image-413\" alt=\"\" srcset=\"https:\/\/leadin-it.com\/wp-content\/uploads\/2024\/03\/logo2.png 400w, https:\/\/leadin-it.com\/wp-content\/uploads\/2024\/03\/logo2-300x300.png 300w, https:\/\/leadin-it.com\/wp-content\/uploads\/2024\/03\/logo2-150x150.png 150w\" sizes=\"(max-width: 400px) 100vw, 400px\" \/>\t\t\t\t\t\t\t\t\t\t\t\t\t\t\t<\/div>\n\t\t\t\t<\/div>\n\t\t\t\t\t<\/div>\n\t\t<\/div>\n\t\t\t\t\t<\/div>\n\t\t<\/section>\n\t\t\t\t\t<\/div>\n\t\t<\/div>\n\t\t\t\t\t<\/div>\n\t\t<\/section>\n\t\t\t\t<\/div>\n\t\t","protected":false},"excerpt":{"rendered":"<p>SHARE OF LIFE Nuestro objetivo es integrarnos a la vida cotidiana de los consumidores. Las tiendas transcienden de la simple transaccionalidad a ofreceruna experiencia 360 con objetivo de lograrla inclusi\u00f3n en comunidades de usuarioscon intereses afines. Est\u00e1 tendencia crear\u00e1 conexiones duraderas y significativas que van m\u00e1s all\u00e1 dela compra transaccional y el precio. NUESTRO CONCEPTO [&hellip;]<\/p>\n","protected":false},"author":1,"featured_media":0,"parent":0,"menu_order":0,"comment_status":"closed","ping_status":"closed","template":"","meta":{"om_disable_all_campaigns":false,"_monsterinsights_skip_tracking":false,"_monsterinsights_sitenote_active":false,"_monsterinsights_sitenote_note":"","_monsterinsights_sitenote_category":0,"footnotes":""},"class_list":["post-251","page","type-page","status-publish","hentry"],"aioseo_notices":[],"_links":{"self":[{"href":"https:\/\/leadin-it.com\/index.php\/wp-json\/wp\/v2\/pages\/251","targetHints":{"allow":["GET"]}}],"collection":[{"href":"https:\/\/leadin-it.com\/index.php\/wp-json\/wp\/v2\/pages"}],"about":[{"href":"https:\/\/leadin-it.com\/index.php\/wp-json\/wp\/v2\/types\/page"}],"author":[{"embeddable":true,"href":"https:\/\/leadin-it.com\/index.php\/wp-json\/wp\/v2\/users\/1"}],"replies":[{"embeddable":true,"href":"https:\/\/leadin-it.com\/index.php\/wp-json\/wp\/v2\/comments?post=251"}],"version-history":[{"count":121,"href":"https:\/\/leadin-it.com\/index.php\/wp-json\/wp\/v2\/pages\/251\/revisions"}],"predecessor-version":[{"id":737,"href":"https:\/\/leadin-it.com\/index.php\/wp-json\/wp\/v2\/pages\/251\/revisions\/737"}],"wp:attachment":[{"href":"https:\/\/leadin-it.com\/index.php\/wp-json\/wp\/v2\/media?parent=251"}],"curies":[{"name":"wp","href":"https:\/\/api.w.org\/{rel}","templated":true}]}}